{"id":27194,"date":"2025-05-16T11:30:04","date_gmt":"2025-05-16T09:30:04","guid":{"rendered":"https:\/\/www.h2-gallery.at\/photoarchiv\/?page_id=27194"},"modified":"2025-05-16T11:30:06","modified_gmt":"2025-05-16T09:30:06","slug":"allgemeine-geschaeftsbedingungen-h2-gallery-kg","status":"publish","type":"page","link":"https:\/\/www.h2-gallery.at\/photoarchiv\/allgemeine-geschaeftsbedingungen-h2-gallery-kg\/","title":{"rendered":"Allgemeine Gesch\u00e4ftsbedingungen H2 Gallery KG"},"content":{"rendered":"<ol>\n<li><strong>Anwendbarkeit der Allgemeinen Gesch\u00e4ftsbedingungen \/ Beauftragung<\/strong><\/li>\n<\/ol>\n<p><strong>1.1. <\/strong>Die <strong>H2 Gallery KG <\/strong>schlie\u00dft ausschlie\u00dflich Vertr\u00e4ge zu diesen, dem <strong>Kunden<\/strong> \u00fcbermittelten Allgemeinen Gesch\u00e4ftsbedingungen ab. Mit der Auftragserteilung anerkennt der <strong>Kunde<\/strong> deren Anwendbarkeit. Diese gelten \u2013 sofern keine \u00c4nderung durch die <strong>H2 Gallery KG <\/strong>bekannt gegeben wird \u2013 auch f\u00fcr alle k\u00fcnftigen Gesch\u00e4ftsbeziehungen, selbst wenn nicht ausdr\u00fccklich auf sie Bezug genommen wird. Abweichende Vereinbarungen k\u00f6nnen rechtswirksam nur schriftlich getroffen werden. Diese Allgemeinen Gesch\u00e4ftsbedingungen gehen allf\u00e4lligen Gesch\u00e4ftsbedingungen des <strong>Kunden<\/strong> jedenfalls vor. Entgegenstehende oder von diesen Gesch\u00e4ftsbedingungen abweichende Bedingungen des <strong>Kunden<\/strong> werden nicht anerkannt.<\/p>\n<p><strong>1.2.<\/strong> Angebote der <strong>H2 Gallery KG <\/strong>sind ebenso wie Angaben in Preislisten, Prospekten und Internetauftritten freibleibend und unverbindlich. Die Darstellung der Produkte im Online-Shop stellt kein rechtlich bindendes Angebot, sondern erfolgt im Rahmen eines unverbindlichen Angebotes im von der <strong>H2 Gallery KG<\/strong>betriebenen Online-Katalogs. Ein Rechtsanspruch auf die Verf\u00fcg- und Lieferbarkeit der online dargestellten Produkte besteht nicht.<\/p>\n<p><strong>1.3.<\/strong> Die Auftragserteilung des <strong>Kunden<\/strong> an die <strong>H2 Gallery KG <\/strong>kann schriftlich (per Brief, E-Mail, Webformular, Bestellvorgang Onlineshop) oder m\u00fcndlich (pers\u00f6nlich, telefonisch) erfolgen. Nach Erhalt des Auftrags steht es der <strong>H2 Gallery KG <\/strong>frei, dem <strong>Kunden <\/strong>eine Auftragsbest\u00e4tigung (Angebotsannahme) oder eine Ablehnung des Auftrags (Angebotsablehnung) zu \u00fcbermitteln. Eine entsprechende Angebotsablehnung kann seitens der <strong>H2 Gallery KG<\/strong> insbesondere dann erfolgen, wenn die Lieferadresse des <strong>Kunden<\/strong> nicht im von der <strong>H2 Gallery KG<\/strong> bedienten Liefergebiet (Europ\u00e4ischer Wirtschaftsraum sowie Gro\u00dfbritannien) liegt, der <strong>Kunde<\/strong>als kreditunw\u00fcrdig einzustufen ist oder dessen Bestellung von den von der <strong>H2 Gallery KG<\/strong> vorgegebenen Anforderungen abweicht.<\/p>\n<p><strong>1.4.<\/strong> Erst durch die \u00dcbermittlung einer Auftragsbest\u00e4tigung (Angebotsannahme) durch die <strong>H2 Gallery KG <\/strong>kommt ein rechtsverbindlicher Vertrag zwischen der <strong>H2 Gallery KG <\/strong>und dem <strong>Kunden<\/strong> zustande, wodurch wechselseitige Leistungspflichten ausgel\u00f6st werden.<\/p>\n<ol start=\"2\">\n<li><strong>Urheberrechtliche Bestimmungen<\/strong><\/li>\n<\/ol>\n<p><strong>2.1.<\/strong> Alle Urheber- und Leistungsschutzrechte des Lichtbildherstellers (\u00a7\u00a7 1, 2 Abs 2, 73ff UrhG) stehen der <strong>H2 Gallery KG<\/strong> zu. Nutzungsbewilligungen (Ver\u00f6ffentlichungsrechte etc.) gelten nur bei ausdr\u00fccklicher Vereinbarung als erteilt. Der <strong>Kunde<\/strong> erwirbt in diesem Fall eine einfache (nicht exklusive und nicht ausschlie\u00dfende), nicht \u00fcbertragbare (abtretbare) Nutzungsbewilligung f\u00fcr den ausdr\u00fccklich vereinbarten Verwendungszweck und innerhalb der vereinbarten Grenzen (Auflageziffer, zeitliche und \u00f6rtliche Beschr\u00e4nkung etc.); im Zweifel ist der im Angebot bzw. in der Rechnung bzw. im Lieferschein angef\u00fchrte Nutzungsumfang ma\u00dfgebend. Jedenfalls erwirbt der <strong>Kunde<\/strong> nur so viele Rechte wie es dem offengelegten Zweck des Vertrags (bzw. des erteilten Auftrags) entspricht. Mangels anderer Vereinbarung gilt die Nutzungsbewilligung nur f\u00fcr eine einmalige Ver\u00f6ffentlichung (in einer Auflage), nur f\u00fcr das ausdr\u00fccklich bezeichnete Medium des <strong>Kunden<\/strong> und nicht f\u00fcr Werbezwecke als erteilt.<\/p>\n<p><strong>2.2.<\/strong> Jede Ver\u00e4nderung und \/ oder Bearbeitung des Lichtbildes (Wandbilder) bedarf der ausdr\u00fccklichen schriftlichen Zustimmung der <strong>H2 Gallery KG<\/strong>. Dies gilt nur dann nicht, wenn die \u00c4nderung nach dem der <strong>H2 Gallery KG <\/strong>bekannten Vertragszweck erforderlich ist.<\/p>\n<p><strong>2.3. <\/strong>Der <strong>Kunde<\/strong> erwirbt \u2013 soweit nichts anderes vereinbart wurde \u2013 eine einfache (nicht exklusive und nicht ausschlie\u00dfende), nicht \u00fcbertragbare (abtretbare) Nutzungsbewilligung zur privaten Verwendung des Lichtbildes \/ der Lichtbilder. Jede zweckfremde Nutzung oder Verwertung ist unzul\u00e4ssig.<\/p>\n<ol start=\"3\">\n<li><strong>Lieferung \/ Verlust und Besch\u00e4digung<\/strong><\/li>\n<\/ol>\n<p><strong>3.1. <\/strong>Die Lieferung der bei der <strong>H2 Gallery KG<\/strong> bestellten Lichtbilder erfolgt \u00fcber Versanddienstleister (z.B. \u00d6sterreichische Post Aktiengesellschaft, DHL, DPD, GLS, Deutsche Post, Hermes oder bei Gro\u00dfformatbildern gegebenenfalls \u00fcber Speditionen wie beispielsweise Gebr\u00fcder Weiss Gesellschaft m.b.H.). Die damit einhergehenden Versandkosten ergeben sich aus der Gr\u00f6\u00dfe der Bestellung, dem Versand, der Abwicklung und sonstigen Dienstleistungen und sind vom <strong>Kunden<\/strong> zu tragen.<\/p>\n<p><strong>3.2.<\/strong> Teillieferungen sind bis zu einer dem <strong>Kunden<\/strong> vertretbaren Menge zul\u00e4ssig. Jede Teillieferung gilt als eigenst\u00e4ndige Lieferung.<\/p>\n<p><strong>3.3.<\/strong> Sendungen reisen auf Kosten und Gefahr des <strong>Kunden<\/strong>.<\/p>\n<p><strong>\u00a0<\/strong><\/p>\n<p><strong>3.4.<\/strong> Im Fall des Verlusts oder der Besch\u00e4digung von \u00fcber Auftrag hergestellten Lichtbilder haftet die <strong>H2 Gallery KG <\/strong>\u2013 aus welchem Rechtstitel immer und soweit keine konsumentenschutzrechtlichen Bestimmungen entgegenstehen\u2013 ausschlie\u00dflich f\u00fcr Vorsatz und grobe Fahrl\u00e4ssigkeit. Die Haftung ist auf eigenes Verschulden und dasjenige ihrer Bediensteten beschr\u00e4nkt; f\u00fcr Dritte (Labors etc.) haftet die <strong>H2 Gallery KG <\/strong>nur bei Vorsatz und grober Fahrl\u00e4ssigkeit bei der Auswahl. Jede Haftung ist auf die Materialkosten und die kostenlose Wiederholung (sofern und soweit dies m\u00f6glich ist) beschr\u00e4nkt. Weitere Anspr\u00fcche stehen dem <strong>Kunden<\/strong> nicht zu.<\/p>\n<ol start=\"4\">\n<li><strong>Leistung und Gew\u00e4hrleistung<\/strong><\/li>\n<\/ol>\n<p><strong>4.1.<\/strong> Die <strong>H2 Gallery KG <\/strong>wird den erteilten Auftrag sorgf\u00e4ltig ausf\u00fchren. Sie kann den Auftrag auch \u2013 zur G\u00e4nze oder zum Teil \u2013 durch Dritte (Labors etc.) ausf\u00fchren lassen. Sofern der <strong>Kunde<\/strong> keine ausdr\u00fccklichen schriftlichen Anordnungen trifft, ist die <strong>H2 Gallery KG <\/strong>hinsichtlich der Art der Durchf\u00fchrung des Auftrags frei. Dies gilt insbesondere f\u00fcr die Bildauffassung und die Auswahl der angewendeten optischen-technischen (fotografischen) Mittel. Der <strong>Kunde<\/strong> ist dar\u00fcber in Kenntnis, dass s\u00e4mtliche angefertigten Lichtbilder stets dem k\u00fcnstlerischen Gestaltungsspielraum der <strong>H2 Gallery KG <\/strong>unterliegen. Dem <strong>Kunden<\/strong> ist der Stil der <strong>H2 Gallery KG <\/strong>bekannt und verzichtet dieser ausdr\u00fccklich auf Reklamationen hinsichtlich des von der <strong>H2 Gallery KG <\/strong>ausge\u00fcbten k\u00fcnstlerischen Gestaltungsspielraumes sowie der verwendeten optischen und technischen Mittel. Nachtr\u00e4gliche \u00c4nderungsw\u00fcnsche des <strong>Kunden <\/strong>bed\u00fcrfen einer eigenen Vereinbarung und Beauftragung und sind gesondert zu verg\u00fcten. Abweichungen von fr\u00fcheren Lieferungen stellen als solche keinen Mangel dar.<\/p>\n<p><strong>4.2.<\/strong> F\u00fcr M\u00e4ngel, die auf unrichtige oder ungenaue Anweisungen des <strong>Kunden<\/strong> zur\u00fcckzuf\u00fchren sind, wird nicht gehaftet (\u00a7 1168a ABGB). Jedenfalls haftet die <strong>H2 Gallery KG <\/strong>\u2013 soweit keine konsumentenschutzrechtlichen Bestimmungen Gegenteiliges vorsehen \u2013 nur bei Vorsatz und grober Fahrl\u00e4ssigkeit.<\/p>\n<p><strong>4.3.<\/strong> Alle Beanstandungen m\u00fcssen l\u00e4ngstens innerhalb von 8 Tagen nach Lieferung schriftlich und unter Vorlage aller Unterlagen erfolgen. Nach Ablauf dieser Frist gilt die Leistung als auftragsgem\u00e4\u00df erbracht. Die Gew\u00e4hrleistungsfrist betr\u00e4gt drei Monate. F\u00fcr Verbraucher iSd KSchG gelten die gesetzlichen Bestimmungen.<\/p>\n<p><strong>4.4.<\/strong> Im Fall der Mangelhaftigkeit steht dem <strong>Kunden<\/strong> \u2013 abgesehen von jenen F\u00e4llen, in denen diesem von Gesetzes wegen das Recht auf Wandlung zusteht \u2013 nur ein Verbesserungsanspruch durch die <strong>H2 Gallery KG <\/strong>zu. Ist eine Verbesserung unm\u00f6glich oder wird sie von der <strong>H2 Gallery KG <\/strong>abgelehnt, steht dem <strong>Kunden<\/strong> ein Preisminderungsanspruch zu. F\u00fcr unerhebliche M\u00e4ngel wird nicht gehaftet. Farbdifferenzen bei Bestellungen gelten nicht als erheblicher Mangel.<\/p>\n<p><strong>4.5.<\/strong> Fixgesch\u00e4fte liegen nur bei ausdr\u00fccklicher schriftlicher Vereinbarung vor.<\/p>\n<p><strong>4.6.<\/strong> Die <strong>H2 Gallery KG <\/strong>ist berechtigt, den Vertrag mit sofortiger Wirkung aus wichtigen Gr\u00fcnden aufzul\u00f6sen. Von einem wichtigen Grund ist insbesondere dann auszugehen, wenn \u00fcber das Verm\u00f6gen des <strong>Kunden<\/strong> ein Konkurs- oder Insolvenzverfahren er\u00f6ffnet oder ein Antrag auf Er\u00f6ffnung eines solchen Verfahrens mangels kostendeckenden Verm\u00f6gens abgewiesen wird oder wenn der <strong>Kunde<\/strong> seine Zahlungen einstellt bzw. berechtigte Bedenken hinsichtlich der Bonit\u00e4t des <strong>Kunden<\/strong>bestehen und dieser nach Aufforderung der <strong>H2 Gallery KG <\/strong>weder Vorauszahlungen noch eine taugliche Sicherheit leistet, bzw. wenn die Ausf\u00fchrung der Leistung aus Gr\u00fcnden, welche vom <strong>Kunden<\/strong> zu vertreten sind, unm\u00f6glich oder trotz Setzung einer 14-t\u00e4gigen Nachfrist weiter verz\u00f6gert wird, bzw. der <strong>Kunde <\/strong>trotz schriftlicher Abmahnung mit einer Nachfristsetzung von 14 Tagen fortgesetzt gegen wesentliche Verpflichtungen aus dem Vertrag, wie etwa der Zahlung eines f\u00e4llig gestellten Teilbetrages oder Mitwirkungspflichten, verst\u00f6\u00dft.<\/p>\n<ol start=\"5\">\n<li><strong>Zahlungsbedingungen<\/strong><\/li>\n<\/ol>\n<p><strong>5.1.<\/strong> Es gelten die zum Zeitpunkt der Bestellung aufgef\u00fchrten Preise. Diese verstehen sich zuz\u00fcglich allf\u00e4llig anfallender Umsatzsteuer in ihrer jeweiligen gesetzlichen H\u00f6he. Der <strong>Kunde<\/strong> verzichtet soweit gesetzlich zul\u00e4ssig auf die M\u00f6glichkeit der Aufrechnung. Bis zur vollst\u00e4ndigen Zahlung des Kaufpreises bleibt die Ware Eigentum der <strong>H2 Gallery KG<\/strong>.<\/p>\n<p><strong>5.2.<\/strong> Im Zuge der Durchf\u00fchrung der Arbeiten vom <strong>Kunden<\/strong> gew\u00fcnschte \u00c4nderungen gehen zu seinen Lasten.<\/p>\n<p><strong>5.3.<\/strong> Die <strong>H2 Gallery KG<\/strong> bietet die Zahlarten \u201eSofort \u00dcberweisen\u201c, \u201eApple Pay\u201c, \u201eEUR Bank Transfer\u201c, \u201eKreditkarte\u201c, \u201eKlarna\u201c und \u201ePaypal\u201c an und beh\u00e4lt sich bei jeder Bestellung vor, bestimmte Zahlarten nicht anzubieten und auf andere Zahlarten zu verweisen. Zahlungen werden ausschlie\u00dflich von Konten der Europ\u00e4ischen Wirtschaftsraums sowie Gro\u00dfbritannien akzeptiert. Etwaige Kosten einer Geld-Transaktion sind vom <strong>Kunden<\/strong> zu tragen.<\/p>\n<p><strong>5.4. <\/strong>Der Kaufpreis wird bei der Zahlungsart \u201eKlarna\u201c am Tag des Eingangs der Lieferung beim <strong>Kunden<\/strong> zur Zahlung f\u00e4llig. Erfolgt die Zahlung nicht binnen 14 Tagen nach F\u00e4lligkeitseintritt, ger\u00e4t der <strong>Kunde<\/strong> in Verzug. Im Falle eines Verzugs ist die <strong>H2 Gallery KG <\/strong>berechtigt, die gesetzlichen Verzugszinsen geltend zu machen.<\/p>\n<p><strong>5.5.<\/strong> Bei Bestellung mit der Zahlungsart \u201eSofort \u00dcberweisen\u201c und \u201eEUR Bank Transfer\u201c ist der Kaufpreis binnen sieben Tagen einzubezahlen. Der Artikel wird erst nach Gutschrift des vollst\u00e4ndigen Kaufpreises an den <strong>Kunden<\/strong> versandt. Wenn die Zahlung trotz F\u00e4lligkeit nicht innerhalb von weiteren sieben Tagen nach Zugang einer Zahlungsaufforderung auf dem Konto der <strong>H2 Gallery KG <\/strong>eingelangt ist, ist diese berechtigt, vom Kaufvertrag zur\u00fcckzutreten.<\/p>\n<p><strong>5.6.<\/strong> Der Kaufpreis wird bei den Zahlungsarten \u201eApple Pay\u201c, \u201eKreditkarte\u201c, bzw. \u201ePaypal\u201c mit Vertragsschluss sofort f\u00e4llig und erfolgt die Belastung des jeweiligen Kontos des <strong>Kunden<\/strong> mit Abschluss der Bestellung.<\/p>\n<p><strong>5.7.<\/strong> Die Anbieter der genannten Zahlungsarten (\u201eZahlungsanbieter\u201c) verf\u00fcgen \u00fcber eigene Nutzungsbedingungen, die der <strong>Kunde <\/strong>gesondert zur Kenntnis nehmen und akzeptieren muss.<\/p>\n<p><strong>5.8.<\/strong> Im Fall des Verzugs gelten \u2013 unbeschadet \u00fcbersteigender Schadenersatzanspr\u00fcche \u2013 Zinsen und Zinseszinsen in der H\u00f6he von 4 % (f\u00fcr Verbraucher) und 8 % (f\u00fcr Unternehmer) \u00fcber der jeweiligen Bankrate ab dem F\u00e4lligkeitstag als vereinbart. F\u00fcr Zwecke der Zinsenberechnung ist f\u00fcr das jeweilige Kalenderjahr die am 2. J\u00e4nner des entsprechenden Jahres festgesetzte Bankrate f\u00fcr das gesamte Kalenderjahr ma\u00dfgebend.<\/p>\n<p><strong>5.9.<\/strong> Mahnspesen und die Kosten \u2013 auch entsprechender au\u00dfergerichtlicher \u2013 anwaltlicher Intervention gehen zu Lasten des <strong>Kunden<\/strong>.<\/p>\n<ol start=\"6\">\n<li><strong>Widerrufsrecht \/ Widerrufsbelehrung<\/strong><\/li>\n<\/ol>\n<p><strong>6.1.<\/strong> Das Widerrufs- und R\u00fcckgaberecht bei Fernabsatzvertr\u00e4gen gem. \u00a7 11 Abs. 1 FAGG ist nach \u00a7 18 Abs. 1 lit. 3 FAGG ausgeschlossen, wenn die Waren nach Kundenspezifikationen angefertigt werden oder eindeutig auf die pers\u00f6nlichen Bed\u00fcrfnisse zugeschnitten sind. Daher sind alle von der <strong>H2 Gallery KG<\/strong> hergestellten ma\u00dfangefertigten Produkte vom R\u00fcckgaberecht ausgeschlossen.<\/p>\n<p><strong>6.2. <\/strong>Der <strong>Kunde<\/strong>, sofern es sich bei diesem um einen Verbraucher handelt, hat gem. \u00a7 11 Abs. 1 FAGG das Recht, von einem Fernabsatzvertrag oder einem au\u00dferhalb von Gesch\u00e4ftsr\u00e4umen geschlossenen Vertrag binnen 14 Tagen ohne Angabe von Gr\u00fcnden zur\u00fcckzutreten. Die Widerrufsfrist beginnt mit dem Tag, an dem der Verbraucher oder ein vom Verbraucher benannter, nicht als Bef\u00f6rderer t\u00e4tiger Dritter den Besitz an der Ware erlangt, wenn der Verbraucher mehrere Waren im Rahmen einer einheitlichen Bestellung bestellt hat, die getrennt geliefert werden, mit dem Tag, an dem der Verbraucher oder ein vom Verbraucher benannter, nicht als Bef\u00f6rderer t\u00e4tiger Dritter den Besitz an der zuletzt gelieferten Ware erlangt bzw. bei Lieferung einer Ware in mehreren Teilsendungen mit dem Tag, an dem der Verbraucher oder ein vom Verbraucher benannter, nicht als Bef\u00f6rderer t\u00e4tiger Dritter den Besitz an der letzten Teilsendung erlangt.<\/p>\n<p><strong>6.3. <\/strong>Um sein Widerrufsrecht auszu\u00fcben, hat der <strong>Kunde<\/strong> die <strong>H2 Gallery KG<\/strong>, Magazinstra\u00dfe 1, 5700 Zell am See, Telefon: +43 664 8873 0558, E-Mail: <a href=\"mailto:office@h2-gallery.at\">office@h2-gallery.at<\/a> mittels einer eindeutigen Erkl\u00e4rung (z.B. ein rekommandiert versandter Brief oder E-Mail) oder m\u00fcndlich (z.B. telefonisch) \u00fcber seinen Entschluss, diesen Vertrag zu widerrufen, zu informieren. Der <strong>Kunde<\/strong> ist berechtigt, daf\u00fcr das beigef\u00fcgte, nicht zwingend vorgeschriebene Muster-Widerrufsformular zu verwenden. Macht der <strong>Kunde<\/strong> von seiner Widerrufs-M\u00f6glichkeit Gebrauch, so wird ihm die <strong>H2 Gallery KG<\/strong> binnen angemessener Frist (z.B. per E-Mail) eine Best\u00e4tigung \u00fcber den Eingang seines Widerrufs \u00fcbermitteln. Zur Wahrung der Widerrufsfrist reicht es aus, dass der <strong>Kunde<\/strong> die Mitteilung \u00fcber die Aus\u00fcbung des Widerrufsrechts vor Ablauf der Widerrufsfrist absendet.<\/p>\n<p><strong>6.4.<\/strong> Wenn der <strong>Kunde<\/strong> den Vertrag widerruft, hat die <strong>H2 Gallery KG<\/strong> diesem alle Zahlungen, die die <strong>H2 Gallery KG<\/strong> von ihm erhalten hat, einschlie\u00dflich der Lieferkosten, unverz\u00fcglich und sp\u00e4testens binnen vierzehn Tagen ab dem Tag zur\u00fcckzuzahlen, an dem die Mitteilung \u00fcber seinen Widerruf dieses Vertrags bei der <strong>H2 Gallery KG<\/strong> eingegangen ist. F\u00fcr diese R\u00fcckzahlung wird dasselbe Zahlungsmittel, das der <strong>Kunde<\/strong> bei der urspr\u00fcnglichen Transaktion eingesetzt hat, verwendet, es sei denn, mit dem <strong>Kunden<\/strong> wurde ausdr\u00fccklich etwas anderes vereinbart. Die <strong>H2 Gallery KG<\/strong> ist berechtigt, die R\u00fcckzahlung zu verweigern, bis diese die Ware wieder zur\u00fcckerhalten oder bis der <strong>Kunde<\/strong> den Nachweis erbracht hat, dass er die Waren zur\u00fcckgesandt hat. Der <strong>Kunde<\/strong> hat die Waren unverz\u00fcglich und in jedem Fall sp\u00e4testens binnen vierzehn Tagen ab dem Tag, an dem er die <strong>H2 Gallery KG<\/strong> \u00fcber den Widerruf dieses Vertrags unterrichtet hat, an die <strong>H2 Gallery KG<\/strong>zur\u00fcckzusenden oder zu \u00fcbergeben. Die Frist ist gewahrt, wenn der <strong>Kunde<\/strong> die Waren vor Ablauf der Frist von vierzehn Tagen absendet. Der <strong>Kunde<\/strong> tr\u00e4gt die unmittelbaren Kosten der R\u00fccksendung der Waren.<\/p>\n<p><strong>\u00a0<\/strong><\/p>\n<p><strong>Muster-Widerrufsformular<\/strong><\/p>\n<p>(Wenn Sie den Vertrag widerrufen wollen, dann f\u00fcllen Sie bitte dieses Formular aus und senden Sie es zur\u00fcck)<\/p>\n<p>An H2 Gallery KG, Magazinstra\u00dfe 1, 5700 Zell am See, Telefon: +43 664 8873 0558, E-Mail: <a href=\"mailto:office@h2-gallery.at\">office@h2-gallery.at<\/a><\/p>\n<p>Hiermit widerrufe(n) ich\/wir (*) den von mir\/uns (*) abgeschlossenen Vertrag \u00fcber den Kauf der folgenden Waren (*)\/<\/p>\n<p>\u2014 Bestellt am (*)\/erhalten am (*)<\/p>\n<p>\u2014 Name des\/der Verbraucher(s)<\/p>\n<p>\u2014 Anschrift des\/der Verbraucher(s)<\/p>\n<p>\u2014 Datum<\/p>\n<p>(*) Unzutreffendes streichen<\/p>\n<p><strong>Ende der Widerrufsbelehrung<\/strong><\/p>\n<ol start=\"7\">\n<li><strong>Schlussbestimmungen und Datenschutz<\/strong><\/li>\n<\/ol>\n<p><strong>7.1.<\/strong> Erf\u00fcllungsort und Gerichtsstand ist der Betriebssitz der <strong>H2 Gallery KG<\/strong>. Im Fall der Sitzverlegung k\u00f6nnen Klagen am alten und am neuen Betriebssitz anh\u00e4ngig gemacht werden.<\/p>\n<p><strong>7.2.<\/strong> Das Produkthaftpflichtgesetz (PHG) ist nicht anwendbar; jedenfalls wird eine Haftung f\u00fcr andere als Personensch\u00e4den ausgeschlossen, wenn der <strong>Kunde<\/strong>Unternehmer ist. Im \u00dcbrigen ist \u00f6sterreichisches Recht anwendbar, das auch dem internationalen Kaufrecht vorgeht.<\/p>\n<p><strong>7.3.<\/strong> Schad- und Klagsloshaltung umfassen auch die Kosten au\u00dfergerichtlicher Rechtsverteidigung. Aus dem Umstand, dass die <strong>H2 Gallery KG <\/strong>einzelne oder alle ihr zustehende Rechte nicht oder nicht in vollem Ausma\u00df aus\u00fcbt, kann ein allf\u00e4lliger Verzicht darauf nicht abgeleitet werden.<\/p>\n<p><strong>7.4.<\/strong> Diese Allgemeinen Gesch\u00e4ftsbedingungen gelten insoweit nicht, als zwingende Bestimmungen des KSchG (f\u00fcr Private \/ Verbraucher als <strong>Kunden<\/strong>) entgegenstehen. Teilnichtigkeit einzelner Bestimmungen (dieser Bedingungen sowie des Vertrags) ber\u00fchrt nicht die G\u00fcltigkeit der \u00fcbrigen Vertragsbestimmungen. Eine unwirksame Bestimmung ist durch eine wirksame, die eher ihrem Sinn und Zweck am n\u00e4chsten kommt, zu ersetzen.<\/p>\n<p><strong>7.5.<\/strong> Der <strong>Kunde<\/strong> nimmt folgende Datenschutzmitteilung, sofern diesem nicht eine weiterf\u00fchrende Mitteilung zugegangen ist, zur Kenntnis und best\u00e4tigt, dass die <strong>H2 Gallery KG <\/strong>damit die sie treffenden Informationspflichten erf\u00fcllt hat:<\/p>\n<p><strong>7.5.1.<\/strong> Die <strong>H2 Gallery KG <\/strong>verarbeitet die unter Punkt <strong>7.5.2.<\/strong> genannten personenbezogenen Daten zur Ausf\u00fchrung des geschlossenen Vertrages und \/ oder der vom <strong>Kunden<\/strong> angeforderten Bestellungen, dar\u00fcber hinaus die weiters bekanntgegebenen personenbezogenen Daten f\u00fcr die eigenen Werbezwecke der <strong>H2 Gallery KG.<\/strong><\/p>\n<p><strong>7.5.2.<\/strong> Die <strong>H2 Gallery KG <\/strong>verarbeitet die personenbezogenen Daten, n\u00e4mlich Name, Anschrift, Telefon- und Telefaxnummer, E-Mail-Adressen, Bankverbindung und Bilddaten, um die unter Punkt <strong>7.5.1.<\/strong> genannten Zwecke zu erreichen.<\/p>\n<p><strong>7.5.3.<\/strong> Zu den oben genannten Zwecken werden die personenbezogenen Daten des <strong>Kunden<\/strong>, wenn dies Inhalt des Vertrages ist, auf Anfrage des <strong>Kunden<\/strong> namentlich zu nennenden Empf\u00e4ngern \u00fcbermittelt, n\u00e4mlich insbesondere an dem geschlossenen Vertrag nahestehende Dritte, sofern dies Vertragsinhalt ist, und gegebenenfalls in die Vertragsabwicklung involvierte Dritte.<\/p>\n<p><strong>7.5.4.<\/strong> Die personenbezogenen Daten des <strong>Kunden<\/strong> werden von der <strong>H2 Gallery KG <\/strong>nur so lange aufbewahrt, wie dies in vern\u00fcnftiger Weise als notwendig erachtet wird, um die unter Punkt <strong>7.5.1.<\/strong> genannten Zwecke zu erreichen und wie dies nach anwendbarem Recht zul\u00e4ssig ist. Die personenbezogenen Daten des <strong>Kunden<\/strong>werden, solange gesetzliche Aufbewahrungspflichten bestehen oder Verj\u00e4hrungsfristen potenzieller Rechtsanspr\u00fcche noch nicht abgelaufen sind, gespeichert.<\/p>\n<p><strong>7.5.5.<\/strong> Nach geltendem Recht ist der <strong>Kunde<\/strong> unter anderem berechtigt zu \u00fcberpr\u00fcfen, ob und welche personenbezogenen Daten die <strong>H2 Gallery KG <\/strong>gespeichert hat und Kopien dieser Daten \u2013 ausgenommen Lichtbilder \u2013 zu erhalten die Berichtigung, Erg\u00e4nzung oder das L\u00f6schen seiner personenbezogenen Daten, die falsch sind oder nicht rechtskonform verarbeitet werden, zu verlangen\u00a0 von der <strong>H2 Gallery KG <\/strong>zu verlangen, die Verarbeitung der personenbezogenen Daten \u2013 sofern die gesetzlichen Voraussetzungen vorliegen \u2013 einzuschr\u00e4nken unter bestimmten Umst\u00e4nden der Verarbeitung seiner personenbezogenen Daten zu widersprechen oder die f\u00fcr das Verarbeiten zuvor gegebene Einwilligung zu widerrufen Daten\u00fcbertragbarkeit zu verlangen die Identit\u00e4t von Dritten, an welche die personenbezogenen Daten \u00fcbermittelt werden, zu kennen und bei Vorliegen der gesetzlichen Voraussetzungen bei der zust\u00e4ndigen Beh\u00f6rde Beschwerde zu erheben<\/p>\n<p><strong>7.5.6.<\/strong> Sollte der <strong>Kunde<\/strong> zur Verarbeitung seiner personenbezogenen Daten Fragen und Anliegen haben, kann sich dieser an die ihm namentlich und anschriftlich bekannte <strong>H2 Gallery KG <\/strong>wenden.<\/p>\n<p>Copyright \u00a9 <strong>H2 Gallery KG<\/strong><\/p>\n","protected":false},"excerpt":{"rendered":"<p>Anwendbarkeit der Allgemeinen Gesch\u00e4ftsbedingungen \/ Beauftragung 1.1. Die H2 Gallery KG schlie\u00dft ausschlie\u00dflich Vertr\u00e4ge zu diesen, dem Kunden \u00fcbermittelten Allgemeinen Gesch\u00e4ftsbedingungen ab. Mit der Auftragserteilung anerkennt der Kunde deren Anwendbarkeit. Diese gelten \u2013 sofern keine \u00c4nderung durch die H2 Gallery KG bekannt gegeben wird \u2013 auch f\u00fcr alle k\u00fcnftigen Gesch\u00e4ftsbeziehungen, selbst wenn nicht ausdr\u00fccklich auf [&hellip;]<\/p>\n","protected":false},"author":1,"featured_media":0,"parent":0,"menu_order":0,"comment_status":"closed","ping_status":"closed","template":"","meta":{"inline_featured_image":false,"footnotes":""},"class_list":["post-27194","page","type-page","status-publish","hentry"],"_links":{"self":[{"href":"https:\/\/www.h2-gallery.at\/photoarchiv\/wp-json\/wp\/v2\/pages\/27194","targetHints":{"allow":["GET"]}}],"collection":[{"href":"https:\/\/www.h2-gallery.at\/photoarchiv\/wp-json\/wp\/v2\/pages"}],"about":[{"href":"https:\/\/www.h2-gallery.at\/photoarchiv\/wp-json\/wp\/v2\/types\/page"}],"author":[{"embeddable":true,"href":"https:\/\/www.h2-gallery.at\/photoarchiv\/wp-json\/wp\/v2\/users\/1"}],"replies":[{"embeddable":true,"href":"https:\/\/www.h2-gallery.at\/photoarchiv\/wp-json\/wp\/v2\/comments?post=27194"}],"version-history":[{"count":0,"href":"https:\/\/www.h2-gallery.at\/photoarchiv\/wp-json\/wp\/v2\/pages\/27194\/revisions"}],"wp:attachment":[{"href":"https:\/\/www.h2-gallery.at\/photoarchiv\/wp-json\/wp\/v2\/media?parent=27194"}],"curies":[{"name":"wp","href":"https:\/\/api.w.org\/{rel}","templated":true}]}}